{"id":142,"date":"2016-05-18T18:14:42","date_gmt":"2016-05-18T18:14:42","guid":{"rendered":"http:\/\/ceestra.gob.mx\/ceestra\/?page_id=142"},"modified":"2016-05-30T20:03:02","modified_gmt":"2016-05-30T20:03:02","slug":"isssteson","status":"publish","type":"page","link":"http:\/\/ceestra.gob.mx\/ceestra\/isssteson\/","title":{"rendered":"ISSSTESON"},"content":{"rendered":"<p>&nbsp;<\/p>\n<div id=\"zed_8vc0w6o7\" class=\"zedity-wrapper \">\n<div id=\"zed_8vc0w6o7\" class=\"zedity-editor zedity-notheme\" style=\"width: 600px; height: 600px; overflow: hidden; position: relative;\" data-origh=\"600\" data-origw=\"600\">\n<div class=\"zedity-box zedity-box-Text zedity-edited\" style=\"left: 21px; top: 39px; width: 566px; height: 315px; display: table; position: absolute; z-index: 12; table-layout: fixed; background-color: transparent;\" data-boxtype=\"Text\">\n<div class=\"zedity-content\" style=\"width: 100%; height: 100%; color: black; line-height: 1.2; overflow: hidden; font-family: Arial,Helvetica,sans-serif; font-size: 14px; display: table-cell;\">\n<p style=\"text-align: left; margin-top: 0pt; margin-bottom: 0pt; margin-left: 0in; unicode-bidi: embed; direction: ltr; -ms-word-break: normal; language: es-MX; mso-line-break-override: none; punctuation-wrap: hanging;\"><span style=\"color: #1ab39f; font-family: Arial; font-size: 19px; language: es-MX; mso-ascii-font-family: Arial; mso-fareast-font-family: +mn-ea; mso-bidi-font-family: +mn-cs; mso-ascii-theme-font: minor-latin; mso-fareast-theme-font: minor-fareast; mso-bidi-theme-font: minor-bidi; mso-color-index: 9; mso-font-kerning: 12.0pt; mso-style-textfill-type: solid; mso-style-textfill-fill-themecolor: accent6; mso-style-textfill-fill-color: #1AB39F; mso-style-textfill-fill-alpha: 100.0%;\">Centro Medico Dr. Ignacio Ch\u00e1vez (ISSSTESON)<\/span><\/p>\n<p style=\"text-align: left; margin-top: 0pt; margin-bottom: 0pt; margin-left: 0in; unicode-bidi: embed; direction: ltr; -ms-word-break: normal; language: es-MX; mso-line-break-override: none; punctuation-wrap: hanging;\"><span style=\"font-size: 19px;\"><span style=\"color: black; font-family: Arial; language: es-MX; mso-ascii-font-family: Arial; mso-fareast-font-family: +mn-ea; mso-bidi-font-family: +mn-cs; mso-ascii-theme-font: minor-latin; mso-fareast-theme-font: minor-fareast; mso-bidi-theme-font: minor-bidi; mso-color-index: 1; mso-font-kerning: 12.0pt; mso-style-textfill-type: solid; mso-style-textfill-fill-themecolor: text1; mso-style-textfill-fill-color: black; mso-style-textfill-fill-alpha: 100.0%;\"><strong>Direcci\u00f3n:<\/strong> <\/span><span style=\"color: black; font-family: Arial; font-weight: normal; language: es-MX; mso-ascii-font-family: Arial; mso-fareast-font-family: +mn-ea; mso-bidi-font-family: +mn-cs; mso-ascii-theme-font: minor-latin; mso-fareast-theme-font: minor-fareast; mso-bidi-theme-font: minor-bidi; mso-color-index: 1; mso-font-kerning: 12.0pt; mso-style-textfill-type: solid; mso-style-textfill-fill-themecolor: text1; mso-style-textfill-fill-color: black; mso-style-textfill-fill-alpha: 100.0%;\">Aguascalientes S\/N, Centro<\/span><span style=\"color: black; font-family: Arial; font-weight: normal; language: es-MX; mso-ascii-font-family: Arial; mso-fareast-font-family: +mn-ea; mso-bidi-font-family: +mn-cs; mso-ascii-theme-font: minor-latin; mso-fareast-theme-font: minor-fareast; mso-bidi-theme-font: minor-bidi; mso-color-index: 1; mso-font-kerning: 12.0pt; mso-style-textfill-type: solid; mso-style-textfill-fill-themecolor: text1; mso-style-textfill-fill-color: black; mso-style-textfill-fill-alpha: 100.0%;\">, <\/span><span style=\"color: black; font-family: Arial; font-weight: normal; language: es-MX; mso-ascii-font-family: Arial; mso-fareast-font-family: +mn-ea; mso-bidi-font-family: +mn-cs; mso-ascii-theme-font: minor-latin; mso-fareast-theme-font: minor-fareast; mso-bidi-theme-font: minor-bidi; mso-color-index: 1; mso-font-kerning: 12.0pt; mso-style-textfill-type: solid; mso-style-textfill-fill-themecolor: text1; mso-style-textfill-fill-color: black; mso-style-textfill-fill-alpha: 100.0%;\">83000 Hermosillo, <\/span><span style=\"color: black; font-family: Arial; font-weight: normal; language: es-MX; mso-ascii-font-family: Arial; mso-fareast-font-family: +mn-ea; mso-bidi-font-family: +mn-cs; mso-ascii-theme-font: minor-latin; mso-fareast-theme-font: minor-fareast; mso-bidi-theme-font: minor-bidi; mso-color-index: 1; mso-font-kerning: 12.0pt; mso-style-textfill-type: solid; mso-style-textfill-fill-themecolor: text1; mso-style-textfill-fill-color: black; mso-style-textfill-fill-alpha: 100.0%;\">Son. <\/span><\/span><\/p>\n<p style=\"text-align: left; margin-top: 0pt; margin-bottom: 0pt; margin-left: 0in; unicode-bidi: embed; direction: ltr; -ms-word-break: normal; language: es-MX; mso-line-break-override: none; punctuation-wrap: hanging;\"><span style=\"font-size: 19px;\"><span style=\"color: black; font-family: Arial; language: es-MX; mso-ascii-font-family: Arial; mso-fareast-font-family: +mn-ea; mso-bidi-font-family: +mn-cs; mso-ascii-theme-font: minor-latin; mso-fareast-theme-font: minor-fareast; mso-bidi-theme-font: minor-bidi; mso-color-index: 1; mso-font-kerning: 12.0pt; mso-style-textfill-type: solid; mso-style-textfill-fill-themecolor: text1; mso-style-textfill-fill-color: black; mso-style-textfill-fill-alpha: 100.0%;\"><strong>Tel\u00e9fonos<\/strong><\/span><span style=\"color: black; font-family: Arial; font-weight: normal; language: es-MX; mso-ascii-font-family: Arial; mso-fareast-font-family: +mn-ea; mso-bidi-font-family: +mn-cs; mso-ascii-theme-font: minor-latin; mso-fareast-theme-font: minor-fareast; mso-bidi-theme-font: minor-bidi; mso-color-index: 1; mso-font-kerning: 12.0pt; mso-style-textfill-type: solid; mso-style-textfill-fill-themecolor: text1; mso-style-textfill-fill-color: black; mso-style-textfill-fill-alpha: 100.0%;\"><strong>:<\/strong> <\/span><span style=\"color: black; font-family: Arial; font-weight: normal; language: es-MX; mso-ascii-font-family: Arial; mso-fareast-font-family: +mn-ea; mso-bidi-font-family: +mn-cs; mso-ascii-theme-font: minor-latin; mso-fareast-theme-font: minor-fareast; mso-bidi-theme-font: minor-bidi; mso-color-index: 1; mso-font-kerning: 12.0pt; mso-style-textfill-type: solid; mso-style-textfill-fill-themecolor: text1; mso-style-textfill-fill-color: black; mso-style-textfill-fill-alpha: 100.0%;\">01 662 214 7395<\/span><\/span><\/p>\n<p style=\"text-align: left; margin-top: 0pt; margin-bottom: 0pt; margin-left: 0in; unicode-bidi: embed; direction: ltr; -ms-word-break: normal; language: es-MX; mso-line-break-override: none; punctuation-wrap: hanging;\"><span style=\"font-size: 19px;\"><span style=\"color: black; font-family: Arial; language: es-MX; mso-ascii-font-family: Arial; mso-fareast-font-family: +mn-ea; mso-bidi-font-family: +mn-cs; mso-ascii-theme-font: minor-latin; mso-fareast-theme-font: minor-fareast; mso-bidi-theme-font: minor-bidi; mso-color-index: 1; mso-font-kerning: 12.0pt; mso-style-textfill-type: solid; mso-style-textfill-fill-themecolor: text1; mso-style-textfill-fill-color: black; mso-style-textfill-fill-alpha: 100.0%;\"><strong>Autorizado<\/strong><\/span><span style=\"color: black; font-family: Arial; font-weight: normal; language: es-MX; mso-ascii-font-family: Arial; mso-fareast-font-family: +mn-ea; mso-bidi-font-family: +mn-cs; mso-ascii-theme-font: minor-latin; mso-fareast-theme-font: minor-fareast; mso-bidi-theme-font: minor-bidi; mso-color-index: 1; mso-font-kerning: 12.0pt; mso-style-textfill-type: solid; mso-style-textfill-fill-themecolor: text1; mso-style-textfill-fill-color: black; mso-style-textfill-fill-alpha: 100.0%;\"><strong>:<\/strong> Disposici\u00f3n de \u00f3rganos, tejidos y c\u00e9lulas con fines terap\u00e9uticos, en su modalidad de extracci\u00f3n (procuraci\u00f3n) de \u00f3rganos y tejidos. Trasplante de ri\u00f1\u00f3n, trasplante de cornea.<\/span><\/span><\/p>\n<p style=\"text-align: left; margin-top: 0pt; margin-bottom: 0pt; margin-left: 0in; unicode-bidi: embed; direction: ltr; -ms-word-break: normal; language: es-MX; mso-line-break-override: none; punctuation-wrap: hanging;\"><span style=\"font-size: 19px;\"><span style=\"color: black; font-family: Arial; language: es-MX; mso-ascii-font-family: Arial; mso-fareast-font-family: +mn-ea; mso-bidi-font-family: +mn-cs; mso-ascii-theme-font: minor-latin; mso-fareast-theme-font: minor-fareast; mso-bidi-theme-font: minor-bidi; mso-color-index: 1; mso-font-kerning: 12.0pt; mso-style-textfill-type: solid; mso-style-textfill-fill-themecolor: text1; mso-style-textfill-fill-color: black; mso-style-textfill-fill-alpha: 100.0%;\"><strong>Mas informaci\u00f3n:<\/strong><span style=\"mso-spacerun: yes;\">\u00a0 <\/span><\/span><span style=\"color: black; font-family: Arial; font-weight: normal; language: es-MX; mso-ascii-font-family: Arial; mso-fareast-font-family: +mn-ea; mso-bidi-font-family: +mn-cs; mso-ascii-theme-font: minor-latin; mso-fareast-theme-font: minor-fareast; mso-bidi-theme-font: minor-bidi; mso-color-index: 1; mso-font-kerning: 12.0pt; mso-style-textfill-type: solid; mso-style-textfill-fill-themecolor: text1; mso-style-textfill-fill-color: black; mso-style-textfill-fill-alpha: 100.0%;\">Sitio Web <\/span><span style=\"color: black; font-family: Arial; font-weight: normal; language: es-MX; mso-ascii-font-family: Arial; mso-fareast-font-family: +mn-ea; mso-bidi-font-family: +mn-cs; mso-ascii-theme-font: minor-latin; mso-fareast-theme-font: minor-fareast; mso-bidi-theme-font: minor-bidi; mso-color-index: 1; mso-font-kerning: 12.0pt; mso-style-textfill-type: solid; mso-style-textfill-fill-themecolor: text1; mso-style-textfill-fill-color: black; mso-style-textfill-fill-alpha: 100.0%;\"><a href=\"http:\/\/www.isssteson.gob.mx\" target=\"_top\" data-target=\"_top\">www.isssteson.gob.mx<\/a><\/span><\/span><\/p>\n<p>&nbsp;<\/p>\n<\/div>\n<\/div>\n<div class=\"zedity-box zedity-box-Image\" style=\"left: 92px; top: 306.69px; width: 405.47px; height: 232px; position: absolute; z-index: 14; background-color: transparent;\" data-boxtype=\"Image\" data-aspectratio=\"1\" data-layout=\"fit\">\n<div class=\"zedity-content\" style=\"width: 100%; height: 100%; overflow: hidden; position: relative;\"><img decoding=\"async\" style=\"margin: 0px; left: 0px; top: 0px; width: 405px; height: 232px; position: absolute;\" src=\"http:\/\/ceestra.gob.mx\/ceestra\/wp-content\/uploads\/2016\/05\/Foto-ISSSTESON.jpg\" alt=\"Foto ISSSTESON\" \/><\/div>\n<\/div>\n<div class=\"zedity-box zedity-box-Color\" style=\"border: 5px solid rgba(88, 88, 250, 1); left: 8px; top: 30px; width: 566px; height: 257px; position: absolute; z-index: 16; background-color: transparent;\" data-boxtype=\"Color\">\n<p style=\"color: transparent;\">_<\/p>\n<\/div>\n<\/div>\n<\/div>\n<p>&nbsp;<\/p>\n","protected":false},"excerpt":{"rendered":"<p>&nbsp; Centro Medico Dr. Ignacio Ch\u00e1vez (ISSSTESON) Direcci\u00f3n: Aguascalientes S\/N, Centro, 83000 Hermosillo, Son. Tel\u00e9fonos: 01 662 214 7395 Autorizado:<\/p>\n","protected":false},"author":3,"featured_media":0,"parent":0,"menu_order":0,"comment_status":"closed","ping_status":"closed","template":"","meta":{"footnotes":""},"_links":{"self":[{"href":"http:\/\/ceestra.gob.mx\/ceestra\/wp-json\/wp\/v2\/pages\/142"}],"collection":[{"href":"http:\/\/ceestra.gob.mx\/ceestra\/wp-json\/wp\/v2\/pages"}],"about":[{"href":"http:\/\/ceestra.gob.mx\/ceestra\/wp-json\/wp\/v2\/types\/page"}],"author":[{"embeddable":true,"href":"http:\/\/ceestra.gob.mx\/ceestra\/wp-json\/wp\/v2\/users\/3"}],"replies":[{"embeddable":true,"href":"http:\/\/ceestra.gob.mx\/ceestra\/wp-json\/wp\/v2\/comments?post=142"}],"version-history":[{"count":5,"href":"http:\/\/ceestra.gob.mx\/ceestra\/wp-json\/wp\/v2\/pages\/142\/revisions"}],"predecessor-version":[{"id":214,"href":"http:\/\/ceestra.gob.mx\/ceestra\/wp-json\/wp\/v2\/pages\/142\/revisions\/214"}],"wp:attachment":[{"href":"http:\/\/ceestra.gob.mx\/ceestra\/wp-json\/wp\/v2\/media?parent=142"}],"curies":[{"name":"wp","href":"https:\/\/api.w.org\/{rel}","templated":true}]}}