{"id":146,"date":"2016-05-18T18:17:22","date_gmt":"2016-05-18T18:17:22","guid":{"rendered":"http:\/\/ceestra.gob.mx\/ceestra\/?page_id=146"},"modified":"2016-05-30T19:41:33","modified_gmt":"2016-05-30T19:41:33","slug":"hies","status":"publish","type":"page","link":"http:\/\/ceestra.gob.mx\/ceestra\/hies\/","title":{"rendered":"HIES"},"content":{"rendered":"<p>&nbsp;<\/p>\n<div id=\"zed_4zku5uec\" class=\"zedity-wrapper \">\n<div id=\"zed_4zku5uec\" class=\"zedity-editor zedity-notheme\" style=\"width: 600px; height: 600px; overflow: hidden; position: relative;\" data-origh=\"600\" data-origw=\"600\">\n<div class=\"zedity-box zedity-box-Text zedity-edited\" style=\"left: 18px; top: 54px; width: 565px; height: 272px; display: table; position: absolute; z-index: 12; table-layout: fixed; background-color: transparent;\" data-boxtype=\"Text\">\n<div class=\"zedity-content\" style=\"width: 100%; height: 100%; color: black; line-height: 1.2; overflow: hidden; font-family: Arial,Helvetica,sans-serif; font-size: 14px; display: table-cell;\">\n<p style=\"text-align: left; margin-top: 0pt; margin-bottom: 0pt; margin-left: 0in; unicode-bidi: embed; direction: ltr; -ms-word-break: normal; language: es-MX; mso-line-break-override: none; punctuation-wrap: hanging;\"><span style=\"color: #1ab39f; font-family: Arial; font-size: 16pt; language: es-MX; mso-ascii-font-family: Arial; mso-fareast-font-family: +mn-ea; mso-bidi-font-family: +mn-cs; mso-ascii-theme-font: minor-latin; mso-fareast-theme-font: minor-fareast; mso-bidi-theme-font: minor-bidi; mso-color-index: 9; mso-font-kerning: 12.0pt; mso-style-textfill-type: solid; mso-style-textfill-fill-themecolor: accent6; mso-style-textfill-fill-color: #1AB39F; mso-style-textfill-fill-alpha: 100.0%;\">Hospital Infantil del Estado de Sonora (HIES)<\/span><\/p>\n<p style=\"text-align: left; margin-top: 0pt; margin-bottom: 0pt; margin-left: 0in; unicode-bidi: embed; direction: ltr; -ms-word-break: normal; language: es-MX; mso-line-break-override: none; punctuation-wrap: hanging;\"><span style=\"color: black; font-family: Arial; font-size: 14pt; language: es-MX; mso-ascii-font-family: Arial; mso-fareast-font-family: +mn-ea; mso-bidi-font-family: +mn-cs; mso-ascii-theme-font: minor-latin; mso-fareast-theme-font: minor-fareast; mso-bidi-theme-font: minor-bidi; mso-color-index: 1; mso-font-kerning: 12.0pt; mso-style-textfill-type: solid; mso-style-textfill-fill-themecolor: text1; mso-style-textfill-fill-color: black; mso-style-textfill-fill-alpha: 100.0%;\"><strong>Direcci\u00f3n:<\/strong> <\/span><span style=\"color: black; font-family: Arial; font-size: 14pt; font-weight: normal; language: es-MX; mso-ascii-font-family: Arial; mso-fareast-font-family: +mn-ea; mso-bidi-font-family: +mn-cs; mso-ascii-theme-font: minor-latin; mso-fareast-theme-font: minor-fareast; mso-bidi-theme-font: minor-bidi; mso-color-index: 1; mso-font-kerning: 12.0pt; mso-style-textfill-type: solid; mso-style-textfill-fill-themecolor: text1; mso-style-textfill-fill-color: black; mso-style-textfill-fill-alpha: 100.0%;\">Calle de la Reforma 355, Ley 57, <\/span><span style=\"color: black; font-family: Arial; font-size: 14pt; font-weight: normal; language: es-MX; mso-ascii-font-family: Arial; mso-fareast-font-family: +mn-ea; mso-bidi-font-family: +mn-cs; mso-ascii-theme-font: minor-latin; mso-fareast-theme-font: minor-fareast; mso-bidi-theme-font: minor-bidi; mso-color-index: 1; mso-font-kerning: 12.0pt; mso-style-textfill-type: solid; mso-style-textfill-fill-themecolor: text1; mso-style-textfill-fill-color: black; mso-style-textfill-fill-alpha: 100.0%;\">83100 <\/span><span style=\"color: black; font-family: Arial; font-size: 14pt; font-weight: normal; language: es-MX; mso-ascii-font-family: Arial; mso-fareast-font-family: +mn-ea; mso-bidi-font-family: +mn-cs; mso-ascii-theme-font: minor-latin; mso-fareast-theme-font: minor-fareast; mso-bidi-theme-font: minor-bidi; mso-color-index: 1; mso-font-kerning: 12.0pt; mso-style-textfill-type: solid; mso-style-textfill-fill-themecolor: text1; mso-style-textfill-fill-color: black; mso-style-textfill-fill-alpha: 100.0%;\">Hermosillo, <\/span><span style=\"color: black; font-family: Arial; font-size: 14pt; font-weight: normal; language: es-MX; mso-ascii-font-family: Arial; mso-fareast-font-family: +mn-ea; mso-bidi-font-family: +mn-cs; mso-ascii-theme-font: minor-latin; mso-fareast-theme-font: minor-fareast; mso-bidi-theme-font: minor-bidi; mso-color-index: 1; mso-font-kerning: 12.0pt; mso-style-textfill-type: solid; mso-style-textfill-fill-themecolor: text1; mso-style-textfill-fill-color: black; mso-style-textfill-fill-alpha: 100.0%;\">Son.<\/span><\/p>\n<p style=\"text-align: left; margin-top: 0pt; margin-bottom: 0pt; margin-left: 0in; unicode-bidi: embed; direction: ltr; -ms-word-break: normal; language: es-MX; mso-line-break-override: none; punctuation-wrap: hanging;\"><span style=\"color: black; font-family: Arial; font-size: 14pt; language: es-MX; mso-ascii-font-family: Arial; mso-fareast-font-family: +mn-ea; mso-bidi-font-family: +mn-cs; mso-ascii-theme-font: minor-latin; mso-fareast-theme-font: minor-fareast; mso-bidi-theme-font: minor-bidi; mso-color-index: 1; mso-font-kerning: 12.0pt; mso-style-textfill-type: solid; mso-style-textfill-fill-themecolor: text1; mso-style-textfill-fill-color: black; mso-style-textfill-fill-alpha: 100.0%;\"><strong>Tel\u00e9fonos:<\/strong> <\/span><span style=\"color: black; font-family: Arial; font-size: 14pt; font-weight: normal; language: es-MX; mso-ascii-font-family: Arial; mso-fareast-font-family: +mn-ea; mso-bidi-font-family: +mn-cs; mso-ascii-theme-font: minor-latin; mso-fareast-theme-font: minor-fareast; mso-bidi-theme-font: minor-bidi; mso-color-index: 1; mso-font-kerning: 12.0pt; mso-style-textfill-type: solid; mso-style-textfill-fill-themecolor: text1; mso-style-textfill-fill-color: black; mso-style-textfill-fill-alpha: 100.0%;\">01 662 289 0600<\/span><\/p>\n<p style=\"text-align: left; margin-top: 0pt; margin-bottom: 0pt; margin-left: 0in; unicode-bidi: embed; direction: ltr; -ms-word-break: normal; language: es-MX; mso-line-break-override: none; punctuation-wrap: hanging;\"><span style=\"color: black; font-family: Arial; font-size: 14pt; language: es-MX; mso-ascii-font-family: Arial; mso-fareast-font-family: +mn-ea; mso-bidi-font-family: +mn-cs; mso-ascii-theme-font: minor-latin; mso-fareast-theme-font: minor-fareast; mso-bidi-theme-font: minor-bidi; mso-color-index: 1; mso-font-kerning: 12.0pt; mso-style-textfill-type: solid; mso-style-textfill-fill-themecolor: text1; mso-style-textfill-fill-color: black; mso-style-textfill-fill-alpha: 100.0%;\"><strong>Autorizado<\/strong><\/span><span style=\"color: black; font-family: Arial; font-size: 14pt; font-weight: normal; language: es-MX; mso-ascii-font-family: Arial; mso-fareast-font-family: +mn-ea; mso-bidi-font-family: +mn-cs; mso-ascii-theme-font: minor-latin; mso-fareast-theme-font: minor-fareast; mso-bidi-theme-font: minor-bidi; mso-color-index: 1; mso-font-kerning: 12.0pt; mso-style-textfill-type: solid; mso-style-textfill-fill-themecolor: text1; mso-style-textfill-fill-color: black; mso-style-textfill-fill-alpha: 100.0%;\"><strong>:<\/strong> Disposici\u00f3n de \u00f3rganos, tejidos y c\u00e9lulas con fines terap\u00e9uticos, en su modalidad de extracci\u00f3n (procuraci\u00f3n) de \u00f3rganos y tejidos.<\/span><\/p>\n<p style=\"text-align: left; margin-top: 0pt; margin-bottom: 0pt; margin-left: 0in; unicode-bidi: embed; direction: ltr; -ms-word-break: normal; language: es-MX; mso-line-break-override: none; punctuation-wrap: hanging;\"><span style=\"color: black; font-family: Arial; font-size: 14pt; language: es-MX; mso-ascii-font-family: Arial; mso-fareast-font-family: +mn-ea; mso-bidi-font-family: +mn-cs; mso-ascii-theme-font: minor-latin; mso-fareast-theme-font: minor-fareast; mso-bidi-theme-font: minor-bidi; mso-color-index: 1; mso-font-kerning: 12.0pt; mso-style-textfill-type: solid; mso-style-textfill-fill-themecolor: text1; mso-style-textfill-fill-color: black; mso-style-textfill-fill-alpha: 100.0%;\"><strong>Mas informaci\u00f3n<\/strong>: <\/span><span style=\"color: black; font-family: Arial; font-size: 14pt; font-weight: normal; language: es-MX; mso-ascii-font-family: Arial; mso-fareast-font-family: +mn-ea; mso-bidi-font-family: +mn-cs; mso-ascii-theme-font: minor-latin; mso-fareast-theme-font: minor-fareast; mso-bidi-theme-font: minor-bidi; mso-color-index: 1; mso-font-kerning: 12.0pt; mso-style-textfill-type: solid; mso-style-textfill-fill-themecolor: text1; mso-style-textfill-fill-color: black; mso-style-textfill-fill-alpha: 100.0%;\">Sitio Web <\/span><span style=\"color: black; font-family: Arial; font-size: 14pt; font-weight: normal; language: es-MX; mso-ascii-font-family: Arial; mso-fareast-font-family: +mn-ea; mso-bidi-font-family: +mn-cs; mso-ascii-theme-font: minor-latin; mso-fareast-theme-font: minor-fareast; mso-bidi-theme-font: minor-bidi; mso-color-index: 1; mso-font-kerning: 12.0pt; mso-style-textfill-type: solid; mso-style-textfill-fill-themecolor: text1; mso-style-textfill-fill-color: black; mso-style-textfill-fill-alpha: 100.0%;\"><a href=\"http:\/\/www.hies.gob.mx\" target=\"_top\" data-target=\"_top\">www.hies.gob.mx<\/a><\/span><\/p>\n<p>&nbsp;<\/p>\n<\/div>\n<\/div>\n<div class=\"zedity-box zedity-box-Image\" style=\"left: 132px; top: 310.9px; width: 335.27px; height: 252px; position: absolute; z-index: 14; background-color: transparent;\" data-boxtype=\"Image\" data-aspectratio=\"1\" data-layout=\"fit\">\n<div class=\"zedity-content\" style=\"width: 100%; height: 100%; overflow: hidden; position: relative;\"><img decoding=\"async\" style=\"margin: 0px; left: 0px; top: 0px; width: 335px; height: 252px; position: absolute;\" src=\"http:\/\/ceestra.gob.mx\/ceestra\/wp-content\/uploads\/2016\/05\/Foto-HIES.jpg\" alt=\"Foto HIES\" \/><\/div>\n<\/div>\n<div class=\"zedity-box zedity-box-Color\" style=\"border: 5px solid rgba(88, 88, 250, 1); left: 5px; top: 43px; width: 576px; height: 253px; position: absolute; z-index: 16; background-color: transparent;\" data-boxtype=\"Color\">\n<p style=\"color: transparent;\">_<\/p>\n<\/div>\n<\/div>\n<\/div>\n<p>&nbsp;<\/p>\n","protected":false},"excerpt":{"rendered":"<p>&nbsp; Hospital Infantil del Estado de Sonora (HIES) Direcci\u00f3n: Calle de la Reforma 355, Ley 57, 83100 Hermosillo, Son. Tel\u00e9fonos:<\/p>\n","protected":false},"author":3,"featured_media":0,"parent":0,"menu_order":0,"comment_status":"closed","ping_status":"closed","template":"","meta":{"footnotes":""},"_links":{"self":[{"href":"http:\/\/ceestra.gob.mx\/ceestra\/wp-json\/wp\/v2\/pages\/146"}],"collection":[{"href":"http:\/\/ceestra.gob.mx\/ceestra\/wp-json\/wp\/v2\/pages"}],"about":[{"href":"http:\/\/ceestra.gob.mx\/ceestra\/wp-json\/wp\/v2\/types\/page"}],"author":[{"embeddable":true,"href":"http:\/\/ceestra.gob.mx\/ceestra\/wp-json\/wp\/v2\/users\/3"}],"replies":[{"embeddable":true,"href":"http:\/\/ceestra.gob.mx\/ceestra\/wp-json\/wp\/v2\/comments?post=146"}],"version-history":[{"count":4,"href":"http:\/\/ceestra.gob.mx\/ceestra\/wp-json\/wp\/v2\/pages\/146\/revisions"}],"predecessor-version":[{"id":211,"href":"http:\/\/ceestra.gob.mx\/ceestra\/wp-json\/wp\/v2\/pages\/146\/revisions\/211"}],"wp:attachment":[{"href":"http:\/\/ceestra.gob.mx\/ceestra\/wp-json\/wp\/v2\/media?parent=146"}],"curies":[{"name":"wp","href":"https:\/\/api.w.org\/{rel}","templated":true}]}}