{"id":150,"date":"2016-05-18T18:36:43","date_gmt":"2016-05-18T18:36:43","guid":{"rendered":"http:\/\/ceestra.gob.mx\/ceestra\/?page_id=150"},"modified":"2016-05-30T19:39:03","modified_gmt":"2016-05-30T19:39:03","slug":"imss","status":"publish","type":"page","link":"http:\/\/ceestra.gob.mx\/ceestra\/imss\/","title":{"rendered":"IMSS"},"content":{"rendered":"<p>&nbsp;<\/p>\n<div id=\"zed_g152mrd4\" class=\"zedity-wrapper \">\n<div id=\"zed_g152mrd4\" class=\"zedity-editor zedity-notheme\" style=\"width: 600px; height: 600px; overflow: hidden; position: relative;\" data-origh=\"600\" data-origw=\"600\">\n<div class=\"zedity-box zedity-box-Text zedity-edited\" style=\"left: 32px; top: 14px; width: 544px; height: 293px; display: table; position: absolute; z-index: 12; table-layout: fixed; background-color: transparent;\" data-boxtype=\"Text\">\n<div class=\"zedity-content\" style=\"width: 100%; height: 100%; color: black; line-height: 1.2; overflow: hidden; font-family: Arial,Helvetica,sans-serif; font-size: 14px; display: table-cell;\">\n<p style=\"text-align: left; text-indent: 0in; margin-top: 3.84pt; margin-bottom: 6pt; margin-left: 0in; unicode-bidi: embed; direction: ltr; -ms-word-break: normal; language: es-MX; mso-line-break-override: none; punctuation-wrap: hanging;\"><span style=\"color: #1ab39f; font-family: Arial; font-size: 16pt; font-weight: bold; language: es-MX; mso-ascii-font-family: Arial; mso-fareast-font-family: +mn-ea; mso-bidi-font-family: +mn-cs; mso-ascii-theme-font: minor-latin; mso-fareast-theme-font: minor-fareast; mso-bidi-theme-font: minor-bidi; mso-color-index: 9; mso-font-kerning: 12.0pt; mso-style-textfill-type: solid; mso-style-textfill-fill-themecolor: accent6; mso-style-textfill-fill-color: #1AB39F; mso-style-textfill-fill-alpha: 100.0%;\">Hospital General Zona 14\u00b0 (IMSS)<\/span><\/p>\n<p style=\"text-align: left; text-indent: 0in; margin-top: 3.36pt; margin-bottom: 6pt; margin-left: 0in; unicode-bidi: embed; direction: ltr; -ms-word-break: normal; language: es-MX; mso-line-break-override: none; punctuation-wrap: hanging;\"><span style=\"color: black; font-family: Arial; font-size: 14pt; font-weight: bold; language: es-MX; mso-ascii-font-family: Arial; mso-fareast-font-family: +mn-ea; mso-bidi-font-family: +mn-cs; mso-ascii-theme-font: minor-latin; mso-fareast-theme-font: minor-fareast; mso-bidi-theme-font: minor-bidi; mso-color-index: 1; mso-font-kerning: 12.0pt; mso-style-textfill-type: solid; mso-style-textfill-fill-themecolor: text1; mso-style-textfill-fill-color: black; mso-style-textfill-fill-alpha: 100.0%;\">Direcci\u00f3n: <\/span><span style=\"color: black; font-family: Arial; font-size: 14pt; font-weight: normal; language: es-MX; mso-ascii-font-family: Arial; mso-fareast-font-family: +mn-ea; mso-bidi-font-family: +mn-cs; mso-ascii-theme-font: minor-latin; mso-fareast-theme-font: minor-fareast; mso-bidi-theme-font: minor-bidi; mso-color-index: 1; mso-font-kerning: 12.0pt; mso-style-textfill-type: solid; mso-style-textfill-fill-themecolor: text1; mso-style-textfill-fill-color: black; mso-style-textfill-fill-alpha: 100.0%;\">Calle Rep\u00fablica de Cuba, Montebello, 83210 Hermosillo, <\/span><span style=\"color: black; font-family: Arial; font-size: 14pt; font-weight: normal; language: es-MX; mso-ascii-font-family: Arial; mso-fareast-font-family: +mn-ea; mso-bidi-font-family: +mn-cs; mso-ascii-theme-font: minor-latin; mso-fareast-theme-font: minor-fareast; mso-bidi-theme-font: minor-bidi; mso-color-index: 1; mso-font-kerning: 12.0pt; mso-style-textfill-type: solid; mso-style-textfill-fill-themecolor: text1; mso-style-textfill-fill-color: black; mso-style-textfill-fill-alpha: 100.0%;\">Son.<\/span><\/p>\n<p style=\"text-align: left; text-indent: 0in; margin-top: 3.36pt; margin-bottom: 6pt; margin-left: 0in; unicode-bidi: embed; direction: ltr; -ms-word-break: normal; language: es-MX; mso-line-break-override: none; punctuation-wrap: hanging;\"><span style=\"color: black; font-family: Arial; font-size: 14pt; font-weight: bold; language: es-MX; mso-ascii-font-family: Arial; mso-fareast-font-family: +mn-ea; mso-bidi-font-family: +mn-cs; mso-ascii-theme-font: minor-latin; mso-fareast-theme-font: minor-fareast; mso-bidi-theme-font: minor-bidi; mso-color-index: 1; mso-font-kerning: 12.0pt; mso-style-textfill-type: solid; mso-style-textfill-fill-themecolor: text1; mso-style-textfill-fill-color: black; mso-style-textfill-fill-alpha: 100.0%;\">Tel\u00e9fonos: <\/span><span style=\"color: black; font-family: Arial; font-size: 14pt; font-weight: normal; language: es-MX; mso-ascii-font-family: Arial; mso-fareast-font-family: +mn-ea; mso-bidi-font-family: +mn-cs; mso-ascii-theme-font: minor-latin; mso-fareast-theme-font: minor-fareast; mso-bidi-theme-font: minor-bidi; mso-color-index: 1; mso-font-kerning: 12.0pt; mso-style-textfill-type: solid; mso-style-textfill-fill-themecolor: text1; mso-style-textfill-fill-color: black; mso-style-textfill-fill-alpha: 100.0%;\">01 800 623 23 23 <\/span><\/p>\n<p style=\"text-align: left; text-indent: 0in; margin-top: 3.36pt; margin-bottom: 6pt; margin-left: 0in; unicode-bidi: embed; direction: ltr; -ms-word-break: normal; language: es-MX; mso-line-break-override: none; punctuation-wrap: hanging;\"><span style=\"color: black; font-family: Arial; font-size: 14pt; font-weight: bold; language: es-MX; mso-ascii-font-family: Arial; mso-fareast-font-family: +mn-ea; mso-bidi-font-family: +mn-cs; mso-ascii-theme-font: minor-latin; mso-fareast-theme-font: minor-fareast; mso-bidi-theme-font: minor-bidi; mso-color-index: 1; mso-font-kerning: 12.0pt; mso-style-textfill-type: solid; mso-style-textfill-fill-themecolor: text1; mso-style-textfill-fill-color: black; mso-style-textfill-fill-alpha: 100.0%;\">Autorizado: <\/span><span style=\"color: black; font-family: Arial; font-size: 14pt; font-weight: normal; language: es-MX; mso-ascii-font-family: Arial; mso-fareast-font-family: +mn-ea; mso-bidi-font-family: +mn-cs; mso-ascii-theme-font: minor-latin; mso-fareast-theme-font: minor-fareast; mso-bidi-theme-font: minor-bidi; mso-color-index: 1; mso-font-kerning: 12.0pt; mso-style-textfill-type: solid; mso-style-textfill-fill-themecolor: text1; mso-style-textfill-fill-color: black; mso-style-textfill-fill-alpha: 100.0%;\">Disposici\u00f3n de \u00f3rganos, tejidos y c\u00e9lulas con fines terap\u00e9uticos, en su modalidad de extracci\u00f3n (procuraci\u00f3n) de \u00f3rganos y <\/span><span style=\"color: black; font-family: Arial; font-size: 14pt; font-weight: normal; language: es-MX; mso-ascii-font-family: Arial; mso-fareast-font-family: +mn-ea; mso-bidi-font-family: +mn-cs; mso-ascii-theme-font: minor-latin; mso-fareast-theme-font: minor-fareast; mso-bidi-theme-font: minor-bidi; mso-color-index: 1; mso-font-kerning: 12.0pt; mso-style-textfill-type: solid; mso-style-textfill-fill-themecolor: text1; mso-style-textfill-fill-color: black; mso-style-textfill-fill-alpha: 100.0%;\">tejidos.<\/span><\/p>\n<p style=\"text-align: left; text-indent: 0in; margin-top: 3.36pt; margin-bottom: 6pt; margin-left: 0in; unicode-bidi: embed; direction: ltr; -ms-word-break: normal; language: es-MX; mso-line-break-override: none; punctuation-wrap: hanging;\"><span style=\"color: black; font-family: Arial; font-size: 14pt; font-weight: bold; language: es-MX; mso-ascii-font-family: Arial; mso-fareast-font-family: +mn-ea; mso-bidi-font-family: +mn-cs; mso-ascii-theme-font: minor-latin; mso-fareast-theme-font: minor-fareast; mso-bidi-theme-font: minor-bidi; mso-color-index: 1; mso-font-kerning: 12.0pt; mso-style-textfill-type: solid; mso-style-textfill-fill-themecolor: text1; mso-style-textfill-fill-color: black; mso-style-textfill-fill-alpha: 100.0%;\">Mas informaci\u00f3n:<span style=\"mso-spacerun: yes;\">\u00a0 <\/span><\/span><span style=\"color: black; font-family: Arial; font-size: 14pt; font-weight: normal; language: es-MX; mso-ascii-font-family: Arial; mso-fareast-font-family: +mn-ea; mso-bidi-font-family: +mn-cs; mso-ascii-theme-font: minor-latin; mso-fareast-theme-font: minor-fareast; mso-bidi-theme-font: minor-bidi; mso-color-index: 1; mso-font-kerning: 12.0pt; mso-style-textfill-type: solid; mso-style-textfill-fill-themecolor: text1; mso-style-textfill-fill-color: black; mso-style-textfill-fill-alpha: 100.0%;\">Sitio Web http<a href=\"http:\/\/www.imss.gob.mx\/galeri a\/hgz14hermosillo\" target=\"_top\" data-target=\"_top\">:\/\/<\/a><\/span><span style=\"color: black; font-family: Arial; font-size: 14pt; font-weight: normal; language: es-MX; mso-ascii-font-family: Arial; mso-fareast-font-family: +mn-ea; mso-bidi-font-family: +mn-cs; mso-ascii-theme-font: minor-latin; mso-fareast-theme-font: minor-fareast; mso-bidi-theme-font: minor-bidi; mso-color-index: 1; mso-font-kerning: 12.0pt; mso-style-textfill-type: solid; mso-style-textfill-fill-themecolor: text1; mso-style-textfill-fill-color: black; mso-style-textfill-fill-alpha: 100.0%;\"><a href=\"http:\/\/www.imss.gob.mx\/galeri a\/hgz14hermosillo\" target=\"_top\" data-target=\"_top\">http:\/\/www.imss.gob.mx\/galeri a\/hgz14hermosillo<\/a><\/span><\/p>\n<p>&nbsp;<\/p>\n<\/div>\n<\/div>\n<div class=\"zedity-box zedity-box-Image\" style=\"left: 124px; top: 348.69px; width: 357.14px; height: 260px; position: absolute; z-index: 14; background-color: transparent;\" data-boxtype=\"Image\" data-aspectratio=\"1\" data-layout=\"fit\">\n<div class=\"zedity-content\" style=\"width: 100%; height: 100%; overflow: hidden; position: relative;\"><img decoding=\"async\" style=\"margin: 0px; left: 1px; top: 0px; width: 356px; height: 260px; position: absolute;\" src=\"http:\/\/ceestra.gob.mx\/ceestra\/wp-content\/uploads\/2016\/05\/Foto-General14.jpg\" alt=\"Foto General14\" \/><\/div>\n<\/div>\n<div class=\"zedity-box zedity-box-Color\" style=\"border: 5px solid rgba(88, 88, 250, 1); left: 9px; top: 7px; width: 563px; height: 318px; position: absolute; z-index: 16; background-color: transparent;\" data-boxtype=\"Color\">\n<p style=\"color: transparent;\">_<\/p>\n<\/div>\n<\/div>\n<\/div>\n<p>&nbsp;<\/p>\n","protected":false},"excerpt":{"rendered":"<p>&nbsp; Hospital General Zona 14\u00b0 (IMSS) Direcci\u00f3n: Calle Rep\u00fablica de Cuba, Montebello, 83210 Hermosillo, Son. Tel\u00e9fonos: 01 800 623 23<\/p>\n","protected":false},"author":3,"featured_media":0,"parent":0,"menu_order":0,"comment_status":"closed","ping_status":"closed","template":"","meta":{"footnotes":""},"_links":{"self":[{"href":"http:\/\/ceestra.gob.mx\/ceestra\/wp-json\/wp\/v2\/pages\/150"}],"collection":[{"href":"http:\/\/ceestra.gob.mx\/ceestra\/wp-json\/wp\/v2\/pages"}],"about":[{"href":"http:\/\/ceestra.gob.mx\/ceestra\/wp-json\/wp\/v2\/types\/page"}],"author":[{"embeddable":true,"href":"http:\/\/ceestra.gob.mx\/ceestra\/wp-json\/wp\/v2\/users\/3"}],"replies":[{"embeddable":true,"href":"http:\/\/ceestra.gob.mx\/ceestra\/wp-json\/wp\/v2\/comments?post=150"}],"version-history":[{"count":5,"href":"http:\/\/ceestra.gob.mx\/ceestra\/wp-json\/wp\/v2\/pages\/150\/revisions"}],"predecessor-version":[{"id":210,"href":"http:\/\/ceestra.gob.mx\/ceestra\/wp-json\/wp\/v2\/pages\/150\/revisions\/210"}],"wp:attachment":[{"href":"http:\/\/ceestra.gob.mx\/ceestra\/wp-json\/wp\/v2\/media?parent=150"}],"curies":[{"name":"wp","href":"https:\/\/api.w.org\/{rel}","templated":true}]}}