{"id":154,"date":"2016-05-18T18:44:46","date_gmt":"2016-05-18T18:44:46","guid":{"rendered":"http:\/\/ceestra.gob.mx\/ceestra\/?page_id=154"},"modified":"2016-05-18T20:48:42","modified_gmt":"2016-05-18T20:48:42","slug":"154-2","status":"publish","type":"page","link":"http:\/\/ceestra.gob.mx\/ceestra\/154-2\/","title":{"rendered":"Cl\u00ednica del Noroeste"},"content":{"rendered":"<p>&nbsp;<\/p>\n<div id=\"zed_4vwo2ib8\" class=\"zedity-wrapper \">\n<div id=\"zed_4vwo2ib8\" class=\"zedity-editor zedity-notheme\" style=\"width: 600px; height: 600px; overflow: hidden; position: relative;\" data-origw=\"600\" data-origh=\"600\">\n<div class=\"zedity-box zedity-box-Text zedity-edited\" style=\"left: 28px; top: 34.99px; width: 556px; height: 275px; display: table; position: absolute; z-index: 12; table-layout: fixed; background-color: transparent;\" data-boxtype=\"Text\">\n<div class=\"zedity-content\" style=\"width: 100%; height: 100%; color: black; line-height: 1.2; overflow: hidden; font-family: Arial,Helvetica,sans-serif; font-size: 14px; display: table-cell;\">\n<p style=\"text-align: left; text-indent: 0in; margin-top: 3.84pt; margin-bottom: 6pt; margin-left: 0in; unicode-bidi: embed; direction: ltr; -ms-word-break: normal; language: es-MX; mso-line-break-override: none; punctuation-wrap: hanging;\"><span style=\"color: #1ab39f; font-family: Arial; font-size: 16pt; font-weight: bold; language: es-MX; mso-ascii-font-family: Arial; mso-fareast-font-family: +mn-ea; mso-bidi-font-family: +mn-cs; mso-ascii-theme-font: minor-latin; mso-fareast-theme-font: minor-fareast; mso-bidi-theme-font: minor-bidi; mso-color-index: 9; mso-font-kerning: 12.0pt; mso-style-textfill-type: solid; mso-style-textfill-fill-themecolor: accent6; mso-style-textfill-fill-color: #1AB39F; mso-style-textfill-fill-alpha: 100.0%;\">Centro Medico del Noroeste<\/span><\/p>\n<p style=\"text-align: left; text-indent: 0in; margin-top: 3.36pt; margin-bottom: 6pt; margin-left: 0in; unicode-bidi: embed; direction: ltr; -ms-word-break: normal; language: es-MX; mso-line-break-override: none; punctuation-wrap: hanging;\"><span style=\"color: black; font-family: Arial; font-size: 14pt; font-weight: bold; language: es-MX; mso-ascii-font-family: Arial; mso-fareast-font-family: +mn-ea; mso-bidi-font-family: +mn-cs; mso-ascii-theme-font: minor-latin; mso-fareast-theme-font: minor-fareast; mso-bidi-theme-font: minor-bidi; mso-color-index: 1; mso-font-kerning: 12.0pt; mso-style-textfill-type: solid; mso-style-textfill-fill-themecolor: text1; mso-style-textfill-fill-color: black; mso-style-textfill-fill-alpha: 100.0%;\">Direcci\u00f3n: <\/span><span style=\"color: black; font-family: Arial; font-size: 14pt; font-weight: normal; language: es-MX; mso-ascii-font-family: Arial; mso-fareast-font-family: +mn-ea; mso-bidi-font-family: +mn-cs; mso-ascii-theme-font: minor-latin; mso-fareast-theme-font: minor-fareast; mso-bidi-theme-font: minor-bidi; mso-color-index: 1; mso-font-kerning: 12.0pt; mso-style-textfill-type: solid; mso-style-textfill-fill-themecolor: text1; mso-style-textfill-fill-color: black; mso-style-textfill-fill-alpha: 100.0%;\">Luis Donaldo Colosio No. 23 <\/span><span style=\"color: black; font-family: Arial; font-size: 14pt; font-weight: normal; language: es-MX; mso-ascii-font-family: Arial; mso-fareast-font-family: +mn-ea; mso-bidi-font-family: +mn-cs; mso-ascii-theme-font: minor-latin; mso-fareast-theme-font: minor-fareast; mso-bidi-theme-font: minor-bidi; mso-color-index: 1; mso-font-kerning: 12.0pt; mso-style-textfill-type: solid; mso-style-textfill-fill-themecolor: text1; mso-style-textfill-fill-color: black; mso-style-textfill-fill-alpha: 100.0%;\">Ote<\/span><span style=\"color: black; font-family: Arial; font-size: 14pt; font-weight: normal; language: es-MX; mso-ascii-font-family: Arial; mso-fareast-font-family: +mn-ea; mso-bidi-font-family: +mn-cs; mso-ascii-theme-font: minor-latin; mso-fareast-theme-font: minor-fareast; mso-bidi-theme-font: minor-bidi; mso-color-index: 1; mso-font-kerning: 12.0pt; mso-style-textfill-type: solid; mso-style-textfill-fill-themecolor: text1; mso-style-textfill-fill-color: black; mso-style-textfill-fill-alpha: 100.0%;\">, Centro, 83000 Hermosillo, <\/span><span style=\"color: black; font-family: Arial; font-size: 14pt; font-weight: normal; language: es-MX; mso-ascii-font-family: Arial; mso-fareast-font-family: +mn-ea; mso-bidi-font-family: +mn-cs; mso-ascii-theme-font: minor-latin; mso-fareast-theme-font: minor-fareast; mso-bidi-theme-font: minor-bidi; mso-color-index: 1; mso-font-kerning: 12.0pt; mso-style-textfill-type: solid; mso-style-textfill-fill-themecolor: text1; mso-style-textfill-fill-color: black; mso-style-textfill-fill-alpha: 100.0%;\">Son.<\/span><\/p>\n<p style=\"text-align: left; text-indent: 0in; margin-top: 3.36pt; margin-bottom: 6pt; margin-left: 0in; unicode-bidi: embed; direction: ltr; -ms-word-break: normal; language: es-MX; mso-line-break-override: none; punctuation-wrap: hanging;\"><span style=\"color: black; font-family: Arial; font-size: 14pt; font-weight: bold; language: es-MX; mso-ascii-font-family: Arial; mso-fareast-font-family: +mn-ea; mso-bidi-font-family: +mn-cs; mso-ascii-theme-font: minor-latin; mso-fareast-theme-font: minor-fareast; mso-bidi-theme-font: minor-bidi; mso-color-index: 1; mso-font-kerning: 12.0pt; mso-style-textfill-type: solid; mso-style-textfill-fill-themecolor: text1; mso-style-textfill-fill-color: black; mso-style-textfill-fill-alpha: 100.0%;\">Tel\u00e9fonos: <\/span><span style=\"color: black; font-family: Arial; font-size: 14pt; font-weight: normal; language: es-MX; mso-ascii-font-family: Arial; mso-fareast-font-family: +mn-ea; mso-bidi-font-family: +mn-cs; mso-ascii-theme-font: minor-latin; mso-fareast-theme-font: minor-fareast; mso-bidi-theme-font: minor-bidi; mso-color-index: 1; mso-font-kerning: 12.0pt; mso-style-textfill-type: solid; mso-style-textfill-fill-themecolor: text1; mso-style-textfill-fill-color: black; mso-style-textfill-fill-alpha: 100.0%;\">01 662 108 0900<\/span><\/p>\n<p style=\"text-align: left; text-indent: 0in; margin-top: 3.36pt; margin-bottom: 6pt; margin-left: 0in; unicode-bidi: embed; direction: ltr; -ms-word-break: normal; language: es-MX; mso-line-break-override: none; punctuation-wrap: hanging;\"><span style=\"color: black; font-family: Arial; font-size: 14pt; font-weight: bold; language: es-MX; mso-ascii-font-family: Arial; mso-fareast-font-family: +mn-ea; mso-bidi-font-family: +mn-cs; mso-ascii-theme-font: minor-latin; mso-fareast-theme-font: minor-fareast; mso-bidi-theme-font: minor-bidi; mso-color-index: 1; mso-font-kerning: 12.0pt; mso-style-textfill-type: solid; mso-style-textfill-fill-themecolor: text1; mso-style-textfill-fill-color: black; mso-style-textfill-fill-alpha: 100.0%;\">Autorizado: <\/span><span style=\"color: black; font-family: Arial; font-size: 14pt; font-weight: normal; language: es-MX; mso-ascii-font-family: Arial; mso-fareast-font-family: +mn-ea; mso-bidi-font-family: +mn-cs; mso-ascii-theme-font: minor-latin; mso-fareast-theme-font: minor-fareast; mso-bidi-theme-font: minor-bidi; mso-color-index: 1; mso-font-kerning: 12.0pt; mso-style-textfill-type: solid; mso-style-textfill-fill-themecolor: text1; mso-style-textfill-fill-color: black; mso-style-textfill-fill-alpha: 100.0%;\">Disposici\u00f3n de \u00f3rganos, tejidos y c\u00e9lulas con fines terap\u00e9uticos, en su modalidad de extracci\u00f3n (procuraci\u00f3n) de \u00f3rganos y <\/span><span style=\"color: black; font-family: Arial; font-size: 14pt; font-weight: normal; language: es-MX; mso-ascii-font-family: Arial; mso-fareast-font-family: +mn-ea; mso-bidi-font-family: +mn-cs; mso-ascii-theme-font: minor-latin; mso-fareast-theme-font: minor-fareast; mso-bidi-theme-font: minor-bidi; mso-color-index: 1; mso-font-kerning: 12.0pt; mso-style-textfill-type: solid; mso-style-textfill-fill-themecolor: text1; mso-style-textfill-fill-color: black; mso-style-textfill-fill-alpha: 100.0%;\">tejidos. Trasplante de ri\u00f1\u00f3n, trasplante de cornea.<\/span><\/p>\n<p style=\"text-align: left; text-indent: 0in; margin-top: 3.36pt; margin-bottom: 6pt; margin-left: 0in; unicode-bidi: embed; direction: ltr; -ms-word-break: normal; language: es-MX; mso-line-break-override: none; punctuation-wrap: hanging;\"><span style=\"color: black; font-family: Arial; font-size: 14pt; font-weight: bold; language: es-MX; mso-ascii-font-family: Arial; mso-fareast-font-family: +mn-ea; mso-bidi-font-family: +mn-cs; mso-ascii-theme-font: minor-latin; mso-fareast-theme-font: minor-fareast; mso-bidi-theme-font: minor-bidi; mso-color-index: 1; mso-font-kerning: 12.0pt; mso-style-textfill-type: solid; mso-style-textfill-fill-themecolor: text1; mso-style-textfill-fill-color: black; mso-style-textfill-fill-alpha: 100.0%;\">Mas informaci\u00f3n: <\/span><span style=\"color: black; font-family: Arial; font-size: 14pt; font-weight: normal; language: es-MX; mso-ascii-font-family: Arial; mso-fareast-font-family: +mn-ea; mso-bidi-font-family: +mn-cs; mso-ascii-theme-font: minor-latin; mso-fareast-theme-font: minor-fareast; mso-bidi-theme-font: minor-bidi; mso-color-index: 1; mso-font-kerning: 12.0pt; mso-style-textfill-type: solid; mso-style-textfill-fill-themecolor: text1; mso-style-textfill-fill-color: black; mso-style-textfill-fill-alpha: 100.0%;\">Sitio Web <\/span><span style=\"color: black; font-family: Arial; font-size: 14pt; font-weight: normal; language: es-MX; mso-ascii-font-family: Arial; mso-fareast-font-family: +mn-ea; mso-bidi-font-family: +mn-cs; mso-ascii-theme-font: minor-latin; mso-fareast-theme-font: minor-fareast; mso-bidi-theme-font: minor-bidi; mso-color-index: 1; mso-font-kerning: 12.0pt; mso-style-textfill-type: solid; mso-style-textfill-fill-themecolor: text1; mso-style-textfill-fill-color: black; mso-style-textfill-fill-alpha: 100.0%;\"><a href=\"http:\/\/www.clinicadelnoroeste.com\/\" target=\"_top\" data-target=\"_top\">http:\/\/www.clinicadelnoroeste.com\/<\/a><\/span><\/p>\n<p>&nbsp;<\/p>\n<\/div>\n<\/div>\n<div class=\"zedity-box zedity-box-Image\" style=\"left: 130px; top: 323.85px; width: 349.73px; height: 263px; position: absolute; z-index: 14; background-color: transparent;\" data-boxtype=\"Image\" data-layout=\"fit\" data-aspectratio=\"1\">\n<div class=\"zedity-content\" style=\"width: 100%; height: 100%; overflow: hidden; position: relative;\"><img decoding=\"async\" style=\"margin: 0px; left: 0px; top: 0px; width: 350px; height: 263px; position: absolute;\" src=\"http:\/\/ceestra.gob.mx\/ceestra\/wp-content\/uploads\/2016\/05\/Foto-C.Noroeste.jpg\" alt=\"Foto C.Noroeste\" \/><\/div>\n<\/div>\n<div class=\"zedity-box zedity-box-Color\" style=\"border: 5px solid rgba(88, 88, 250, 1); left: 13px; top: 26px; width: 566px; height: 284px; position: absolute; z-index: 16; background-color: transparent;\" data-boxtype=\"Color\">\n<p style=\"color: transparent;\">_<\/p>\n<\/div>\n<\/div>\n<\/div>\n<p>&nbsp;<\/p>\n","protected":false},"excerpt":{"rendered":"<p>&nbsp; Centro Medico del Noroeste Direcci\u00f3n: Luis Donaldo Colosio No. 23 Ote, Centro, 83000 Hermosillo, Son. Tel\u00e9fonos: 01 662 108<\/p>\n","protected":false},"author":3,"featured_media":0,"parent":0,"menu_order":0,"comment_status":"closed","ping_status":"closed","template":"","meta":{"footnotes":""},"_links":{"self":[{"href":"http:\/\/ceestra.gob.mx\/ceestra\/wp-json\/wp\/v2\/pages\/154"}],"collection":[{"href":"http:\/\/ceestra.gob.mx\/ceestra\/wp-json\/wp\/v2\/pages"}],"about":[{"href":"http:\/\/ceestra.gob.mx\/ceestra\/wp-json\/wp\/v2\/types\/page"}],"author":[{"embeddable":true,"href":"http:\/\/ceestra.gob.mx\/ceestra\/wp-json\/wp\/v2\/users\/3"}],"replies":[{"embeddable":true,"href":"http:\/\/ceestra.gob.mx\/ceestra\/wp-json\/wp\/v2\/comments?post=154"}],"version-history":[{"count":4,"href":"http:\/\/ceestra.gob.mx\/ceestra\/wp-json\/wp\/v2\/pages\/154\/revisions"}],"predecessor-version":[{"id":185,"href":"http:\/\/ceestra.gob.mx\/ceestra\/wp-json\/wp\/v2\/pages\/154\/revisions\/185"}],"wp:attachment":[{"href":"http:\/\/ceestra.gob.mx\/ceestra\/wp-json\/wp\/v2\/media?parent=154"}],"curies":[{"name":"wp","href":"https:\/\/api.w.org\/{rel}","templated":true}]}}